{"id":4827,"date":"2023-05-03T21:26:33","date_gmt":"2023-05-03T19:26:33","guid":{"rendered":"https:\/\/www.sorter.pl\/service-regulations\/"},"modified":"2025-02-12T15:12:57","modified_gmt":"2025-02-12T14:12:57","slug":"regulamin-serwisowy","status":"publish","type":"page","link":"https:\/\/www.sorter.pl\/en\/regulamin-serwisowy\/","title":{"rendered":"Service regulations"},"content":{"rendered":"\t\t<div data-elementor-type=\"wp-page\" data-elementor-id=\"4827\" class=\"elementor elementor-4827 elementor-1475\" data-elementor-post-type=\"page\">\n\t\t\t\t\t\t<section data-particle_enable=\"false\" data-particle-mobile-disabled=\"false\" data-exad-particle-enable=\"false\" class=\"elementor-section elementor-top-section elementor-element elementor-element-c1gvpb8 elementor-section-height-min-height elementor-section-boxed elementor-section-height-default elementor-section-items-middle exad-parallax-effect-no exad-background-color-change-no exad-glass-effect-no exad-sticky-section-no\" data-id=\"c1gvpb8\" data-element_type=\"section\" data-settings=\"{&quot;background_background&quot;:&quot;classic&quot;,&quot;shape_divider_bottom&quot;:&quot;opacity-tilt&quot;,&quot;ekit_has_onepagescroll_dot&quot;:&quot;yes&quot;}\">\n\t\t\t\t\t\t\t<div class=\"elementor-background-overlay\"><\/div>\n\t\t\t\t\t\t<div class=\"elementor-shape elementor-shape-bottom\" aria-hidden=\"true\" data-negative=\"false\">\n\t\t\t<svg xmlns=\"http:\/\/www.w3.org\/2000\/svg\" viewBox=\"0 0 2600 131.1\" preserveAspectRatio=\"none\">\n\t<path class=\"elementor-shape-fill\" d=\"M0 0L2600 0 2600 69.1 0 0z\"\/>\n\t<path class=\"elementor-shape-fill\" style=\"opacity:0.5\" d=\"M0 0L2600 0 2600 69.1 0 69.1z\"\/>\n\t<path class=\"elementor-shape-fill\" style=\"opacity:0.25\" d=\"M2600 0L0 0 0 130.1 2600 69.1z\"\/>\n<\/svg>\t\t<\/div>\n\t\t\t\t\t<div class=\"elementor-container elementor-column-gap-default\">\n\t\t\t\t\t<div class=\"elementor-column elementor-col-100 elementor-top-column elementor-element elementor-element-5b44f1b exad-glass-effect-no exad-sticky-section-no\" data-id=\"5b44f1b\" data-element_type=\"column\">\n\t\t\t<div class=\"elementor-widget-wrap elementor-element-populated\">\n\t\t\t\t\t\t<div class=\"elementor-element elementor-element-6d08acd exad-sticky-section-no exad-glass-effect-no elementor-widget elementor-widget-heading\" data-id=\"6d08acd\" data-element_type=\"widget\" data-settings=\"{&quot;ekit_we_effect_on&quot;:&quot;none&quot;}\" data-widget_type=\"heading.default\">\n\t\t\t\t<div class=\"elementor-widget-container\">\n\t\t\t\t\t<h1 class=\"elementor-heading-title elementor-size-default\">TERMS OF SERVICE<\/h1>\t\t\t\t<\/div>\n\t\t\t\t<\/div>\n\t\t\t\t\t<\/div>\n\t\t<\/div>\n\t\t\t\t\t<\/div>\n\t\t<\/section>\n\t\t\t\t<section data-particle_enable=\"false\" data-particle-mobile-disabled=\"false\" data-exad-particle-enable=\"false\" class=\"elementor-section elementor-top-section elementor-element elementor-element-f2fa537 elementor-section-boxed elementor-section-height-default elementor-section-height-default exad-parallax-effect-no exad-background-color-change-no exad-glass-effect-no exad-sticky-section-no\" data-id=\"f2fa537\" data-element_type=\"section\" data-settings=\"{&quot;ekit_has_onepagescroll_dot&quot;:&quot;yes&quot;}\">\n\t\t\t\t\t\t<div class=\"elementor-container elementor-column-gap-default\">\n\t\t\t\t\t<div class=\"elementor-column elementor-col-100 elementor-top-column elementor-element elementor-element-15898fe exad-glass-effect-no exad-sticky-section-no\" data-id=\"15898fe\" data-element_type=\"column\">\n\t\t\t<div class=\"elementor-widget-wrap elementor-element-populated\">\n\t\t\t\t\t\t<div class=\"elementor-element elementor-element-15470b0 exad-sticky-section-no exad-glass-effect-no elementor-widget elementor-widget-heading\" data-id=\"15470b0\" data-element_type=\"widget\" data-settings=\"{&quot;ekit_we_effect_on&quot;:&quot;none&quot;}\" data-widget_type=\"heading.default\">\n\t\t\t\t<div class=\"elementor-widget-container\">\n\t\t\t\t\t<h2 class=\"elementor-heading-title elementor-size-default\">Service regulations<\/h2>\t\t\t\t<\/div>\n\t\t\t\t<\/div>\n\t\t\t\t\t<\/div>\n\t\t<\/div>\n\t\t\t\t\t<\/div>\n\t\t<\/section>\n\t\t\t\t<section data-particle_enable=\"false\" data-particle-mobile-disabled=\"false\" data-exad-particle-enable=\"false\" class=\"elementor-section elementor-top-section elementor-element elementor-element-522266e elementor-section-boxed elementor-section-height-default elementor-section-height-default exad-parallax-effect-no exad-background-color-change-no exad-glass-effect-no exad-sticky-section-no\" data-id=\"522266e\" data-element_type=\"section\" data-settings=\"{&quot;ekit_has_onepagescroll_dot&quot;:&quot;yes&quot;}\">\n\t\t\t\t\t\t<div class=\"elementor-container elementor-column-gap-default\">\n\t\t\t\t\t<div class=\"elementor-column elementor-col-100 elementor-top-column elementor-element elementor-element-9920d24 exad-glass-effect-no exad-sticky-section-no\" data-id=\"9920d24\" data-element_type=\"column\">\n\t\t\t<div class=\"elementor-widget-wrap elementor-element-populated\">\n\t\t\t\t\t\t<div class=\"elementor-element elementor-element-89e4796 exad-sticky-section-no exad-glass-effect-no elementor-widget elementor-widget-text-editor\" data-id=\"89e4796\" data-element_type=\"widget\" data-settings=\"{&quot;ekit_we_effect_on&quot;:&quot;none&quot;}\" data-widget_type=\"text-editor.default\">\n\t\t\t\t<div class=\"elementor-widget-container\">\n\t\t\t\t\t\t\t\t\t<ol>\n<li>Requests for service and warranty services are accepted for execution only by filling out the appropriate form on the company&#8217;s website &nbsp;. To apply, register at&nbsp;<a href=\"https:\/\/www.sorter.pl\/\"><strong>www.sorter.pl<\/strong><\/a>.<\/li>\n<li>Przyj\u0119cie zg\u0142oszenia oraz termin realizacji mo\u017cna sprawdzi\u0107 telefonicznie od poniedzia\u0142ku do pi\u0105tku w godz.&nbsp;<strong>8:00-17:00<\/strong>&nbsp;pod numerem tel.&nbsp;<strong>48 377 99 99<\/strong>&nbsp;wew.&nbsp;<strong>0&nbsp;<\/strong>lub mailowo pod adresem:&nbsp;<a href=\"mailto:serwis@sorter.pl\">serwis@sorter.pl<\/a><\/li>\n<li>Warranty and service services will be provided within 14 days from the date of notification. In exceptional cases, this period may be extended, in particular, when the warranty service requires the import of parts or components from a sub-supplier and when the service is prevented from working due to bad weather conditions.<\/li>\n<li>Parts that the service center removes from the device as part of the warranty benefit and replaces them with new ones become the property of Sorter.<\/li>\n<li>Parts removed from the device after the expiration of the warranty period or as part of the service provision remain the property of the customer.<\/li>\n<li>Costs resulting from an unjustified complaint or interruption of service at the request of the customer\/user shall be borne by the customer\/user, in accordance with the price list applicable to the Sorter service.<\/li>\n<li>Sorter has the right to refuse to provide warranty and service if the customer\/user withholds payment for the device or prior service.<\/li>\n<li>The customer\/user is obliged to cooperate with the employees of the Sorter service in the implementation of the warranty-service performed at the place of installation of the device by:<\/li>\n<\/ol>\n<p>(a) allowing timely access to the device;<\/p>\n<p>b) presentation of the documents provided with the equipment (warranty book, technical data sheet, DTR);<\/p>\n<p>(c) to take measures necessary to protect persons and property and to comply with health and safety regulations at the site of the warranty and service provision;<\/p>\n<p>(d) ensuring that the work can begin immediately upon the arrival of the Sorter service and its implementation without undue delay;<\/p>\n<p>(e) to provide, free of charge, all possible assistance in the performance of the service (e.g., provision of a source of electricity, compressed air in the quantity and quality necessary for the proper operation of the equipment in question, a water and sewage connection providing a supply of clean water and collection of dirty water, as well as the provision of a permanent high-speed Internet connection for the purpose of diagnosing the operation of equipment online or lighting at the place of performance).<\/p>\n<p>(f) The customer\/user is required to provide means for unloading machinery and equipment at the time of delivery, such as forklifts, pallet trucks, etc., by prior telephone arrangement with the manufacturer.<\/p>\n<ol start=\"9\">\n<li>Sorting machines can only be operated by qualified personnel &nbsp; of the user. The machine operator must have the necessary authorizations to operate machinery The employer must verify that the operator hired by him has the required documents and has the necessary qualifications and skills, i.e. education in the field, &nbsp; technical, preferably electromechanical, completed a specialized course in computer operation, electrical qualification of the Association of Polish Electricians ( S.E.P.) for the operation of electrical cabinets, as well as relevant experience to operate individual machines or the entire sorting line<\/li>\n<li>The customer\/user is obliged to immediately collect and confirm the performance of the warranty on the document&nbsp;<strong>Service Book<\/strong>&nbsp;and document&nbsp;<strong>Service order.<\/strong> In case of doubts about the quality or completeness of the performance of warranty and service, the customer\/user has the right to file a complaint with Sorter.<\/li>\n<\/ol>\t\t\t\t\t\t\t\t<\/div>\n\t\t\t\t<\/div>\n\t\t\t\t\t<\/div>\n\t\t<\/div>\n\t\t\t\t\t<\/div>\n\t\t<\/section>\n\t\t\t\t<\/div>\n\t\t","protected":false},"excerpt":{"rendered":"<p>TERMS OF SERVICE Service regulations Requests for service and warranty services are accepted for execution only by filling out the appropriate form on the company&#8217;s website &nbsp;. To apply, register at&nbsp;www.sorter.pl. Przyj\u0119cie zg\u0142oszenia oraz termin realizacji mo\u017cna sprawdzi\u0107 telefonicznie od poniedzia\u0142ku do pi\u0105tku w godz.&nbsp;8:00-17:00&nbsp;pod numerem tel.&nbsp;48 377 99 99&nbsp;wew.&nbsp;0&nbsp;lub mailowo pod adresem:&nbsp;serwis@sorter.pl Warranty and [&hellip;]<\/p>\n","protected":false},"author":1,"featured_media":0,"parent":0,"menu_order":0,"comment_status":"closed","ping_status":"closed","template":"","meta":{"site-sidebar-layout":"no-sidebar","site-content-layout":"page-builder","ast-site-content-layout":"default","site-content-style":"default","site-sidebar-style":"default","ast-global-header-display":"","ast-banner-title-visibility":"","ast-main-header-display":"","ast-hfb-above-header-display":"","ast-hfb-below-header-display":"","ast-hfb-mobile-header-display":"","site-post-title":"disabled","ast-breadcrumbs-content":"","ast-featured-img":"disabled","footer-sml-layout":"","theme-transparent-header-meta":"","adv-header-id-meta":"","stick-header-meta":"","header-above-stick-meta":"","header-main-stick-meta":"","header-below-stick-meta":"","astra-migrate-meta-layouts":"default","ast-page-background-enabled":"default","ast-page-background-meta":{"desktop":{"background-color":"var(--ast-global-color-4)","background-image":"","background-repeat":"repeat","background-position":"center center","background-size":"auto","background-attachment":"scroll","background-type":"","background-media":"","overlay-type":"","overlay-color":"","overlay-opacity":"","overlay-gradient":""},"tablet":{"background-color":"","background-image":"","background-repeat":"repeat","background-position":"center center","background-size":"auto","background-attachment":"scroll","background-type":"","background-media":"","overlay-type":"","overlay-color":"","overlay-opacity":"","overlay-gradient":""},"mobile":{"background-color":"","background-image":"","background-repeat":"repeat","background-position":"center center","background-size":"auto","background-attachment":"scroll","background-type":"","background-media":"","overlay-type":"","overlay-color":"","overlay-opacity":"","overlay-gradient":""}},"ast-content-background-meta":{"desktop":{"background-color":"var(--ast-global-color-5)","background-image":"","background-repeat":"repeat","background-position":"center center","background-size":"auto","background-attachment":"scroll","background-type":"","background-media":"","overlay-type":"","overlay-color":"","overlay-opacity":"","overlay-gradient":""},"tablet":{"background-color":"var(--ast-global-color-5)","background-image":"","background-repeat":"repeat","background-position":"center center","background-size":"auto","background-attachment":"scroll","background-type":"","background-media":"","overlay-type":"","overlay-color":"","overlay-opacity":"","overlay-gradient":""},"mobile":{"background-color":"var(--ast-global-color-5)","background-image":"","background-repeat":"repeat","background-position":"center center","background-size":"auto","background-attachment":"scroll","background-type":"","background-media":"","overlay-type":"","overlay-color":"","overlay-opacity":"","overlay-gradient":""}},"footnotes":""},"class_list":["post-4827","page","type-page","status-publish","hentry"],"yoast_head":"<!-- This site is optimized with the Yoast SEO plugin v26.0 - https:\/\/yoast.com\/wordpress\/plugins\/seo\/ -->\n<title>Service regulations - SORTER<\/title>\n<meta name=\"robots\" content=\"index, follow, max-snippet:-1, max-image-preview:large, max-video-preview:-1\" \/>\n<link rel=\"canonical\" href=\"https:\/\/www.sorter.pl\/en\/regulamin-serwisowy\/\" \/>\n<meta property=\"og:locale\" content=\"en_US\" \/>\n<meta property=\"og:type\" content=\"article\" \/>\n<meta property=\"og:title\" content=\"Service regulations - SORTER\" \/>\n<meta property=\"og:description\" content=\"TERMS OF SERVICE Service regulations Requests for service and warranty services are accepted for execution only by filling out the appropriate form on the company&#8217;s website &nbsp;. To apply, register at&nbsp;www.sorter.pl. Przyj\u0119cie zg\u0142oszenia oraz termin realizacji mo\u017cna sprawdzi\u0107 telefonicznie od poniedzia\u0142ku do pi\u0105tku w godz.&nbsp;8:00-17:00&nbsp;pod numerem tel.&nbsp;48 377 99 99&nbsp;wew.&nbsp;0&nbsp;lub mailowo pod adresem:&nbsp;serwis@sorter.pl Warranty and [&hellip;]\" \/>\n<meta property=\"og:url\" content=\"https:\/\/www.sorter.pl\/en\/regulamin-serwisowy\/\" \/>\n<meta property=\"og:site_name\" content=\"SORTER\" \/>\n<meta property=\"article:publisher\" content=\"https:\/\/www.facebook.com\/sorterPL\" \/>\n<meta property=\"article:modified_time\" content=\"2025-02-12T14:12:57+00:00\" \/>\n<meta property=\"og:image\" content=\"https:\/\/www.sorter.pl\/wp-content\/uploads\/2023\/02\/Sorter-.png\" \/>\n\t<meta property=\"og:image:width\" content=\"375\" \/>\n\t<meta property=\"og:image:height\" content=\"202\" \/>\n\t<meta property=\"og:image:type\" content=\"image\/png\" \/>\n<meta name=\"twitter:card\" content=\"summary_large_image\" \/>\n<meta name=\"twitter:label1\" content=\"Est. reading time\" \/>\n\t<meta name=\"twitter:data1\" content=\"3 minutes\" \/>\n<script type=\"application\/ld+json\" class=\"yoast-schema-graph\">{\"@context\":\"https:\/\/schema.org\",\"@graph\":[{\"@type\":\"WebPage\",\"@id\":\"https:\/\/www.sorter.pl\/en\/regulamin-serwisowy\/\",\"url\":\"https:\/\/www.sorter.pl\/en\/regulamin-serwisowy\/\",\"name\":\"Service regulations - SORTER\",\"isPartOf\":{\"@id\":\"https:\/\/www.sorter.pl\/#website\"},\"datePublished\":\"2023-05-03T19:26:33+00:00\",\"dateModified\":\"2025-02-12T14:12:57+00:00\",\"breadcrumb\":{\"@id\":\"https:\/\/www.sorter.pl\/en\/regulamin-serwisowy\/#breadcrumb\"},\"inLanguage\":\"en-US\",\"potentialAction\":[{\"@type\":\"ReadAction\",\"target\":[\"https:\/\/www.sorter.pl\/en\/regulamin-serwisowy\/\"]}]},{\"@type\":\"BreadcrumbList\",\"@id\":\"https:\/\/www.sorter.pl\/en\/regulamin-serwisowy\/#breadcrumb\",\"itemListElement\":[{\"@type\":\"ListItem\",\"position\":1,\"name\":\"Home\",\"item\":\"https:\/\/www.sorter.pl\/\"},{\"@type\":\"ListItem\",\"position\":2,\"name\":\"Service regulations\"}]},{\"@type\":\"WebSite\",\"@id\":\"https:\/\/www.sorter.pl\/#website\",\"url\":\"https:\/\/www.sorter.pl\/\",\"name\":\"Sorter\",\"description\":\"Polskie maszyny sortownicze\",\"publisher\":{\"@id\":\"https:\/\/www.sorter.pl\/#organization\"},\"alternateName\":\"Sorter - producent maszyn sortowniczych\",\"potentialAction\":[{\"@type\":\"SearchAction\",\"target\":{\"@type\":\"EntryPoint\",\"urlTemplate\":\"https:\/\/www.sorter.pl\/?s={search_term_string}\"},\"query-input\":{\"@type\":\"PropertyValueSpecification\",\"valueRequired\":true,\"valueName\":\"search_term_string\"}}],\"inLanguage\":\"en-US\"},{\"@type\":\"Organization\",\"@id\":\"https:\/\/www.sorter.pl\/#organization\",\"name\":\"Sorter\",\"url\":\"https:\/\/www.sorter.pl\/\",\"logo\":{\"@type\":\"ImageObject\",\"inLanguage\":\"en-US\",\"@id\":\"https:\/\/www.sorter.pl\/#\/schema\/logo\/image\/\",\"url\":\"https:\/\/www.sorter.pl\/wp-content\/uploads\/2023\/02\/Sorter-.png\",\"contentUrl\":\"https:\/\/www.sorter.pl\/wp-content\/uploads\/2023\/02\/Sorter-.png\",\"width\":375,\"height\":202,\"caption\":\"Sorter\"},\"image\":{\"@id\":\"https:\/\/www.sorter.pl\/#\/schema\/logo\/image\/\"},\"sameAs\":[\"https:\/\/www.facebook.com\/sorterPL\",\"https:\/\/www.youtube.com\/@sorterPL\"]}]}<\/script>\n<!-- \/ Yoast SEO plugin. -->","yoast_head_json":{"title":"Service regulations - SORTER","robots":{"index":"index","follow":"follow","max-snippet":"max-snippet:-1","max-image-preview":"max-image-preview:large","max-video-preview":"max-video-preview:-1"},"canonical":"https:\/\/www.sorter.pl\/en\/regulamin-serwisowy\/","og_locale":"en_US","og_type":"article","og_title":"Service regulations - SORTER","og_description":"TERMS OF SERVICE Service regulations Requests for service and warranty services are accepted for execution only by filling out the appropriate form on the company&#8217;s website &nbsp;. To apply, register at&nbsp;www.sorter.pl. Przyj\u0119cie zg\u0142oszenia oraz termin realizacji mo\u017cna sprawdzi\u0107 telefonicznie od poniedzia\u0142ku do pi\u0105tku w godz.&nbsp;8:00-17:00&nbsp;pod numerem tel.&nbsp;48 377 99 99&nbsp;wew.&nbsp;0&nbsp;lub mailowo pod adresem:&nbsp;serwis@sorter.pl Warranty and [&hellip;]","og_url":"https:\/\/www.sorter.pl\/en\/regulamin-serwisowy\/","og_site_name":"SORTER","article_publisher":"https:\/\/www.facebook.com\/sorterPL","article_modified_time":"2025-02-12T14:12:57+00:00","og_image":[{"width":375,"height":202,"url":"https:\/\/www.sorter.pl\/wp-content\/uploads\/2023\/02\/Sorter-.png","type":"image\/png"}],"twitter_card":"summary_large_image","twitter_misc":{"Est. reading time":"3 minutes"},"schema":{"@context":"https:\/\/schema.org","@graph":[{"@type":"WebPage","@id":"https:\/\/www.sorter.pl\/en\/regulamin-serwisowy\/","url":"https:\/\/www.sorter.pl\/en\/regulamin-serwisowy\/","name":"Service regulations - SORTER","isPartOf":{"@id":"https:\/\/www.sorter.pl\/#website"},"datePublished":"2023-05-03T19:26:33+00:00","dateModified":"2025-02-12T14:12:57+00:00","breadcrumb":{"@id":"https:\/\/www.sorter.pl\/en\/regulamin-serwisowy\/#breadcrumb"},"inLanguage":"en-US","potentialAction":[{"@type":"ReadAction","target":["https:\/\/www.sorter.pl\/en\/regulamin-serwisowy\/"]}]},{"@type":"BreadcrumbList","@id":"https:\/\/www.sorter.pl\/en\/regulamin-serwisowy\/#breadcrumb","itemListElement":[{"@type":"ListItem","position":1,"name":"Home","item":"https:\/\/www.sorter.pl\/"},{"@type":"ListItem","position":2,"name":"Service regulations"}]},{"@type":"WebSite","@id":"https:\/\/www.sorter.pl\/#website","url":"https:\/\/www.sorter.pl\/","name":"Sorter","description":"Polskie maszyny sortownicze","publisher":{"@id":"https:\/\/www.sorter.pl\/#organization"},"alternateName":"Sorter - producent maszyn sortowniczych","potentialAction":[{"@type":"SearchAction","target":{"@type":"EntryPoint","urlTemplate":"https:\/\/www.sorter.pl\/?s={search_term_string}"},"query-input":{"@type":"PropertyValueSpecification","valueRequired":true,"valueName":"search_term_string"}}],"inLanguage":"en-US"},{"@type":"Organization","@id":"https:\/\/www.sorter.pl\/#organization","name":"Sorter","url":"https:\/\/www.sorter.pl\/","logo":{"@type":"ImageObject","inLanguage":"en-US","@id":"https:\/\/www.sorter.pl\/#\/schema\/logo\/image\/","url":"https:\/\/www.sorter.pl\/wp-content\/uploads\/2023\/02\/Sorter-.png","contentUrl":"https:\/\/www.sorter.pl\/wp-content\/uploads\/2023\/02\/Sorter-.png","width":375,"height":202,"caption":"Sorter"},"image":{"@id":"https:\/\/www.sorter.pl\/#\/schema\/logo\/image\/"},"sameAs":["https:\/\/www.facebook.com\/sorterPL","https:\/\/www.youtube.com\/@sorterPL"]}]}},"_links":{"self":[{"href":"https:\/\/www.sorter.pl\/en\/wp-json\/wp\/v2\/pages\/4827","targetHints":{"allow":["GET"]}}],"collection":[{"href":"https:\/\/www.sorter.pl\/en\/wp-json\/wp\/v2\/pages"}],"about":[{"href":"https:\/\/www.sorter.pl\/en\/wp-json\/wp\/v2\/types\/page"}],"author":[{"embeddable":true,"href":"https:\/\/www.sorter.pl\/en\/wp-json\/wp\/v2\/users\/1"}],"replies":[{"embeddable":true,"href":"https:\/\/www.sorter.pl\/en\/wp-json\/wp\/v2\/comments?post=4827"}],"version-history":[{"count":2,"href":"https:\/\/www.sorter.pl\/en\/wp-json\/wp\/v2\/pages\/4827\/revisions"}],"predecessor-version":[{"id":7316,"href":"https:\/\/www.sorter.pl\/en\/wp-json\/wp\/v2\/pages\/4827\/revisions\/7316"}],"wp:attachment":[{"href":"https:\/\/www.sorter.pl\/en\/wp-json\/wp\/v2\/media?parent=4827"}],"curies":[{"name":"wp","href":"https:\/\/api.w.org\/{rel}","templated":true}]}}